{"id":1608,"date":"2025-03-09T11:22:25","date_gmt":"2025-03-09T11:22:25","guid":{"rendered":"https:\/\/modmybricks.eu\/?page_id=1608"},"modified":"2026-04-07T23:50:25","modified_gmt":"2026-04-07T21:50:25","slug":"community","status":"publish","type":"page","link":"https:\/\/modmybricks.eu\/pl\/community\/","title":{"rendered":"Spo\u0142eczno\u015b\u0107"},"content":{"rendered":"\n<div class=\"wp-block-uagb-container uagb-block-725540b2 alignfull uagb-is-root-container\"><div class=\"uagb-container-inner-blocks-wrap\"><\/div><\/div>\n\n\n\n<div class=\"wp-block-uagb-container uagb-block-f575da31 alignfull uagb-is-root-container\"><div class=\"uagb-container-inner-blocks-wrap\">\n<h1 class=\"wp-block-heading has-ast-global-color-2-color has-text-color has-link-color wp-elements-5ea4901d1efa3f087b992589794db95a\" style=\"margin-top:var(--wp--preset--spacing--40);margin-bottom:var(--wp--preset--spacing--40);padding-top:0;padding-right:0;padding-bottom:0;padding-left:0\">Welcome to ModMyBricks <em>LEGO\u00ae<\/em> Comunity<\/h1>\n\n\n\n<h3 class=\"wp-block-heading\"><em>Here, you can share photos and ideas with other fans of customizing LEGO\u00ae constructions. <\/em><\/h3>\n\n\n\n<h4 class=\"wp-block-heading\"><em>It\u2019s a great place to connect with fellow enthusiasts, exchange tips and tricks, and get inspired by the creativity of others. Whether you&#8217;re showcasing your latest build, looking for advice, or just chatting with like-minded fans, this community is all about sharing the passion for custom LEGO\u00ae creations. Join in, connect, and let\u2019s build something amazing together!<\/em><\/h4>\n<\/div><\/div>\n\n\n\n<div class=\"wp-block-uagb-container uagb-block-0007fe3b alignfull uagb-is-root-container\"><div class=\"uagb-container-inner-blocks-wrap\">            <style type=\"text\/css\">\n                .bm-login-form{\n                    background: white;\n                    border: 1px solid #ccc;\n                    color: black;\n                    padding: 15px 25px;\n                    margin: 15px auto;\n                    width: 100%;\n                    max-width: 600px;\n                }\n\n                .bm-login-form .bm-login-text{\n                    color: black;\n                    font-size: 16px;\n                    margin: 10px 0 20px;\n                    font-weight: bold;\n                }\n\n                .bm-login-form form label{\n                    display: block;\n                    width: 100%;\n                    margin-bottom: 10px;\n                }\n                .bm-login-form form input[type=\"text\"],\n                .bm-login-form form input[type=\"password\"]{\n                    display: block;\n                    width: 100%;\n                }\n            <\/style>\n            <div class=\"bm-login-form\">\n                <p class=\"bm-login-text\">Wymagane logowanie<\/p><form name=\"bm-login-form\" id=\"bm-login-form\" action=\"https:\/\/modmybricks.eu\/wp-login.php\" method=\"post\"><p class=\"login-username\">\n\t\t\t\t<label for=\"user_login\">Nazwa u\u017cytkownika lub adres e-mail<\/label>\n\t\t\t\t<input type=\"text\" name=\"log\" id=\"user_login\" autocomplete=\"username\" class=\"input\" value=\"\" size=\"20\" \/>\n\t\t\t<\/p><p class=\"login-password\">\n\t\t\t\t<label for=\"user_pass\">Has\u0142o<\/label>\n\t\t\t\t<input type=\"password\" name=\"pwd\" id=\"user_pass\" autocomplete=\"current-password\" spellcheck=\"false\" class=\"input\" value=\"\" size=\"20\" \/>\n\t\t\t<\/p><div class=\"uwp-social-class sdel-a655db6f\" ><div class=\"uwp_widgets uwp_widget_social_login\"><div class=\"bsui\"><hr \/><div class=\"text-muted h5 mt-n2 mb-2\">Login via Social<\/div><br\/><a href=\"https:\/\/modmybricks.eu\/pl\/?action=uwp_social_authenticate&provider=google&type=login&uwp_register_form_id=1\" class='uwp_social_login_icon_google'><img decoding=\"async\" data-src=\"https:\/\/modmybricks.eu\/wp-content\/plugins\/userswp-social-login\/assets\/images\/btn_google_signin_dark_normal_web.png\" alt=\"Sign in with Google\" class=\"w-auto lazyload\" src=\"data:image\/svg+xml;base64,PHN2ZyB3aWR0aD0iMSIgaGVpZ2h0PSIxIiB4bWxucz0iaHR0cDovL3d3dy53My5vcmcvMjAwMC9zdmciPjwvc3ZnPg==\" style=\"--smush-placeholder-width: 191px; --smush-placeholder-aspect-ratio: 191\/46;\"><\/a><\/div><\/div>        <script type=\"text\/javascript\">\n            jQuery(document).on('uwp_form_loaded', function(event, args){\n                const html = args.html;\n                const form = args.form;\n                const formWrapper = form.closest('.uwp_widget_register');\n\n                const socialHtml = jQuery(html).find('.uwp_widget_social_login');\n                if (socialHtml.length > 0) {\n                    formWrapper.find('.uwp_widget_social_login').replaceWith(socialHtml);\n                }\n            });\n        <\/script>\n        <\/div><p class=\"login-remember\"><label><input name=\"rememberme\" type=\"checkbox\" id=\"rememberme\" value=\"forever\" \/> Zapami\u0119taj mnie<\/label><\/p><p class=\"login-submit\">\n\t\t\t\t<input type=\"submit\" name=\"wp-submit\" id=\"wp-submit\" class=\"button button-primary\" value=\"Zaloguj si\u0119\" \/>\n\t\t\t\t<input type=\"hidden\" name=\"redirect_to\" value=\"\/pl\/wp-json\/wp\/v2\/pages\/1608\" \/>\n\t\t\t<\/p><\/form>            <\/div>\n            \n<\/div><\/div>\n\n\n\n<div class=\"wp-block-uagb-container uagb-block-3b4be713 alignfull uagb-is-root-container\"><div class=\"uagb-container-inner-blocks-wrap\">\n<h1 class=\"wp-block-heading has-text-align-center\">Custom Instructions Section<\/h1>\n\n\n\n<h3 class=\"wp-block-heading\"><em>Share Your custom instructions or download instructions from other LEGO\u00ae customizing fans!<\/em><\/h3>\n\n\n\n<h3 class=\"wp-block-heading\">Custom Instructions List<\/h3>\n\n\n<div class=\"shared-files-embed-69e0210ff2127 shared-files-simple-container\" data-search-type=\"0\" data-post-id=\"1608\"><div class=\"shared-files-simple-text-contact\" style=\"display: none;\">contact<\/div><div class=\"shared-files-simple-text-contacts\" style=\"display: none;\">contacts<\/div><div class=\"shared-files-simple-text-found\" style=\"display: none;\">found<\/div><div class=\"shared-files-search-form-container\"><form class=\"shared-files-ajax-form\" onsubmit=\"return false;\" data-elem-class=\"shared-files-embed-69e0210ff2127\"><div class=\"shared-files-search-input-container\"><input type=\"text\" class=\"shared-files-simple-search\" placeholder=\"Search files...\" data-elem-class=\"shared-files-embed-69e0210ff2127\"><\/div><\/form><\/div><div class=\"shared-files-files-found\"><\/div><span class=\"shared-files-one-file-found\">file found.<\/span><span class=\"shared-files-more-than-one-file-found\">files found.<\/span><div class=\"shared-files-simple-nothing-found\">No files found.<\/div><div class=\"shared-files-simple-ajax-results\"><div class=\"shared-files-search\"><div class=\"shared-files-simple-list shared-files-ajax-list\"><div class=\"shared-files-simple-list-row shared-files-simple-list-title-row\"><div class=\"shared-files-simple-list-col shared-files-simple-list-col-name shared-files-simple-list-col-title\"><span>File<\/span><\/div><div class=\"shared-files-simple-list-col shared-files-simple-list-col-title\"><span>Downloads<\/span><\/div><div class=\"shared-files-simple-list-col shared-files-simple-list-col-title\"><span>Tag<\/span><\/div><\/div><div class=\"shared-files-simple-list-row\"><div class=\"shared-files-simple-list-col shared-files-simple-list-col-name\"><span><a class=\"shared-files-file-title\"  data-file-type=\"\"  data-file-url=\"\/shared-files\/2707\/?lime-house-1.pdf\"  data-external-url=\"\"  data-image-url=\"\" href=\"\/shared-files\/2707\/?lime-house-1.pdf\" target=\"_blank\">lime house<\/a><a href=\"https:\/\/modmybricks.eu\/shared-files\/2707\/?lime-house-1.pdf\" target=\"_blank\" class=\"shared-files-preview-button\">Preview<\/a><\/span><\/div><div class=\"shared-files-simple-list-col shared-files-simple-list-col-download-counter\"><span>29<\/span><\/div><div class=\"shared-files-simple-list-col\"><span><\/span><\/div><\/div><\/div><hr class=\"clear\" \/><\/div><\/div><div class=\"shared-files-simple-search-all-files\"><div class=\"shared-files-search\"><div class=\"shared-files-simple-list shared-files-ajax-list\"><div class=\"shared-files-simple-list-row shared-files-simple-list-title-row\"><div class=\"shared-files-simple-list-col shared-files-simple-list-col-name shared-files-simple-list-col-title\"><span>File<\/span><\/div><div class=\"shared-files-simple-list-col shared-files-simple-list-col-title\"><span>Downloads<\/span><\/div><div class=\"shared-files-simple-list-col shared-files-simple-list-col-title\"><span>Tag<\/span><\/div><\/div><div class=\"shared-files-simple-list-row\"><div class=\"shared-files-simple-list-col shared-files-simple-list-col-name\"><span><a class=\"shared-files-file-title\"  data-file-type=\"\"  data-file-url=\"\/shared-files\/2707\/?lime-house-1.pdf\"  data-external-url=\"\"  data-image-url=\"\" href=\"\/shared-files\/2707\/?lime-house-1.pdf\" target=\"_blank\">lime house<\/a><a href=\"https:\/\/modmybricks.eu\/shared-files\/2707\/?lime-house-1.pdf\" target=\"_blank\" class=\"shared-files-preview-button\">Preview<\/a><\/span><\/div><div class=\"shared-files-simple-list-col shared-files-simple-list-col-download-counter\"><span>29<\/span><\/div><div class=\"shared-files-simple-list-col\"><span><\/span><\/div><\/div><\/div><hr class=\"clear\" \/><\/div><\/div><\/div>\n\n\n\n<h3 class=\"wp-block-heading\">Share Your custom instructions here<\/h3>\n\n\n<div class=\"shared-files-embed-69e0210ff35fc shared-files-main-container\" data-elem-class=\"shared-files-embed-69e0210ff35fc\" data-search-type=\"0\" data-post-id=\"2707\"><div id=\"shared-files-default\" class=\"shared-files-container shared-files-type-basic \"><div class=\"shared-files-search\"><div class=\"shared-files-search-form-container\"><form class=\"shared-files-ajax-form\" onsubmit=\"return false;\" data-elem-class=\"shared-files-embed-69e0210ff35fc\"><div class=\"shared-files-search-input-container\"><input type=\"text\"  class=\"shared-files-search-files-input shared-files-search-files\" placeholder=\"Search files...\" value=\"\" data-elem-class=\"shared-files-embed-69e0210ff35fc\" \/><\/div><\/form><\/div><div class=\"shared-files-files-found\"><\/div><span class=\"shared-files-one-file-found\">file found.<\/span><span class=\"shared-files-more-than-one-file-found\">files found.<\/span><ul class=\"shared-files-main-file-list shared-files-ajax-list\"><li class=\"shared-files-card-2707\"><div class=\"shared-files-main-elements\"><div class=\"shared-files-main-elements-left lazyload\" style=\"background-image:inherit;\" data-bg-image=\"url(https:\/\/modmybricks.eu\/wp-content\/plugins\/shared-files\/img\/2020\/pdf.svg)\"><\/div><div class=\"shared-files-main-elements-right\"><a class=\"shared-files-file-title\" rel=\"ugc nofollow\"  data-file-type=\"\"  data-file-url=\"\/shared-files\/2707\/?lime-house-1.pdf\"  data-external-url=\"\"  data-image-url=\"\" href=\"\/shared-files\/2707\/?lime-house-1.pdf\" target=\"_blank\">lime house<\/a><a href=\"https:\/\/modmybricks.eu\/shared-files\/2707\/?lime-house-1.pdf\" target=\"_blank\" class=\"shared-files-preview-button\">Preview<\/a><span class=\"shared-file-date\">29\/12\/2025<\/span><div class=\"shared-files-download-counter\"><span>Downloads: 29<\/span><\/div><div class=\"shared-files-download-button-container\"><a href=\"\/shared-files\/2707\/?lime-house-1.pdf&download=1\" class=\"shared-files-download-button\" rel=\"ugc nofollow\"  download>Download<\/a><\/div><div class=\"shared-files-edit-actions\"><\/div><\/div><\/div><\/li><\/ul><ul class=\"shared-files-all-files shared-files-main-file-list\"><li class=\"shared-files-card-2707\"><div class=\"shared-files-main-elements\"><div class=\"shared-files-main-elements-left lazyload\" style=\"background-image:inherit;\" data-bg-image=\"url(https:\/\/modmybricks.eu\/wp-content\/plugins\/shared-files\/img\/2020\/pdf.svg)\"><\/div><div class=\"shared-files-main-elements-right\"><a class=\"shared-files-file-title\" rel=\"ugc nofollow\"  data-file-type=\"\"  data-file-url=\"\/shared-files\/2707\/?lime-house-1.pdf\"  data-external-url=\"\"  data-image-url=\"\" href=\"\/shared-files\/2707\/?lime-house-1.pdf\" target=\"_blank\">lime house<\/a><a href=\"https:\/\/modmybricks.eu\/shared-files\/2707\/?lime-house-1.pdf\" target=\"_blank\" class=\"shared-files-preview-button\">Preview<\/a><span class=\"shared-file-date\">29\/12\/2025<\/span><div class=\"shared-files-download-counter\"><span>Downloads: 29<\/span><\/div><div class=\"shared-files-download-button-container\"><a href=\"\/shared-files\/2707\/?lime-house-1.pdf&download=1\" class=\"shared-files-download-button\" rel=\"ugc nofollow\"  download>Download<\/a><\/div><div class=\"shared-files-edit-actions\"><\/div><\/div><\/div><\/li><\/ul><div class=\"shared-files-nothing-found\">No files found.<\/div><\/div><\/div><\/div><hr class=\"clear\" \/>\n\n\n\n<p><\/p>\n\n\n\n<h3 class=\"wp-block-heading uag-hide-desktop uag-hide-tab uag-hide-mob\" style=\"margin-top:0;margin-right:0;margin-bottom:0;margin-left:0;padding-top:0;padding-right:0;padding-bottom:0;padding-left:0\">Here is a latest version of extension for Bricklink Studio that allows to use ModMyBricks custom parts in the program.<\/h3>\n\n\n\n<p style=\"margin-top:0;margin-bottom:0;padding-top:0;padding-bottom:0\" class=\"uag-hide-desktop uag-hide-tab uag-hide-mob\">Please note that the extension may be updated with a delay.<\/p>\n\n\n\n<div class=\"wp-block-file .hidden {  display: none; }\"><a id=\"wp-block-file--media-766fb878-4ea2-4964-95c3-a681e6a39c62\" href=\"https:\/\/modmybricks.eu\/wp-content\/uploads\/2025\/11\/ModMyBricks_Bricklink_11.25-1.rar\">ModMyBricks_Bricklink_11.25<\/a><a href=\"https:\/\/modmybricks.eu\/wp-content\/uploads\/2025\/11\/ModMyBricks_Bricklink_11.25-1.rar\" class=\"wp-block-file__button wp-element-button\" download aria-describedby=\"wp-block-file--media-766fb878-4ea2-4964-95c3-a681e6a39c62\">Download<\/a><\/div>\n<\/div><\/div>\n\n\n\n<div class=\"wp-block-uagb-container uagb-block-73645571 alignfull uagb-is-root-container\"><div class=\"uagb-container-inner-blocks-wrap\">\n<h3 class=\"wp-block-heading\">If You have any ideas for new products contact us <a href=\"https:\/\/modmybricks.eu\/custom-order\/\">here<\/a>. We will provide custom parts especially for You.<\/h3>\n<\/div><\/div>\n\n\n\n<p><\/p>\n","protected":false},"excerpt":{"rendered":"<p>Welcome to ModMyBricks LEGO\u00ae Comunity Here, you can share photos and ideas with other fans of customizing LEGO\u00ae constructions. It\u2019s [&hellip;]<\/p>\n","protected":false},"author":1,"featured_media":0,"parent":0,"menu_order":0,"comment_status":"closed","ping_status":"closed","template":"","meta":{"_uag_custom_page_level_css":"","site-sidebar-layout":"default","site-content-layout":"","ast-site-content-layout":"","site-content-style":"default","site-sidebar-style":"default","ast-global-header-display":"","ast-banner-title-visibility":"","ast-main-header-display":"","ast-hfb-above-header-display":"","ast-hfb-below-header-display":"","ast-hfb-mobile-header-display":"","site-post-title":"disabled","ast-breadcrumbs-content":"","ast-featured-img":"","footer-sml-layout":"","theme-transparent-header-meta":"","adv-header-id-meta":"","stick-header-meta":"","header-above-stick-meta":"","header-main-stick-meta":"","header-below-stick-meta":"","astra-migrate-meta-layouts":"default","ast-page-background-enabled":"default","ast-page-background-meta":{"desktop":{"background-color":"var(--ast-global-color-5)","background-image":"","background-repeat":"repeat","background-position":"center center","background-size":"auto","background-attachment":"scroll","background-type":"","background-media":"","overlay-type":"","overlay-color":"","overlay-opacity":"","overlay-gradient":""},"tablet":{"background-color":"","background-image":"","background-repeat":"repeat","background-position":"center center","background-size":"auto","background-attachment":"scroll","background-type":"","background-media":"","overlay-type":"","overlay-color":"","overlay-opacity":"","overlay-gradient":""},"mobile":{"background-color":"","background-image":"","background-repeat":"repeat","background-position":"center center","background-size":"auto","background-attachment":"scroll","background-type":"","background-media":"","overlay-type":"","overlay-color":"","overlay-opacity":"","overlay-gradient":""}},"ast-content-background-meta":{"desktop":{"background-color":"var(--ast-global-color-4)","background-image":"","background-repeat":"repeat","background-position":"center center","background-size":"auto","background-attachment":"scroll","background-type":"","background-media":"","overlay-type":"","overlay-color":"","overlay-opacity":"","overlay-gradient":""},"tablet":{"background-color":"var(--ast-global-color-4)","background-image":"","background-repeat":"repeat","background-position":"center center","background-size":"auto","background-attachment":"scroll","background-type":"","background-media":"","overlay-type":"","overlay-color":"","overlay-opacity":"","overlay-gradient":""},"mobile":{"background-color":"var(--ast-global-color-4)","background-image":"","background-repeat":"repeat","background-position":"center center","background-size":"auto","background-attachment":"scroll","background-type":"","background-media":"","overlay-type":"","overlay-color":"","overlay-opacity":"","overlay-gradient":""}},"footnotes":""},"class_list":["post-1608","page","type-page","status-publish","hentry"],"uagb_featured_image_src":{"full":false,"thumbnail":false,"medium":false,"medium_large":false,"large":false,"1536x1536":false,"2048x2048":false,"trp-custom-language-flag":false,"mailpoet_newsletter_max":false,"woocommerce_thumbnail":false,"woocommerce_single":false,"woocommerce_gallery_thumbnail":false,"dgwt-wcas-product-suggestion":false},"uagb_author_info":{"display_name":"ModMyBricks","author_link":"https:\/\/modmybricks.eu\/pl\/profile\/kopanskipolecakgmail-com\/"},"uagb_comment_info":0,"uagb_excerpt":"Welcome to ModMyBricks LEGO\u00ae Comunity Here, you can share photos and ideas with other fans of customizing LEGO\u00ae constructions. It\u2019s [&hellip;]","_links":{"self":[{"href":"https:\/\/modmybricks.eu\/pl\/wp-json\/wp\/v2\/pages\/1608","targetHints":{"allow":["GET"]}}],"collection":[{"href":"https:\/\/modmybricks.eu\/pl\/wp-json\/wp\/v2\/pages"}],"about":[{"href":"https:\/\/modmybricks.eu\/pl\/wp-json\/wp\/v2\/types\/page"}],"author":[{"embeddable":true,"href":"https:\/\/modmybricks.eu\/pl\/wp-json\/wp\/v2\/users\/1"}],"replies":[{"embeddable":true,"href":"https:\/\/modmybricks.eu\/pl\/wp-json\/wp\/v2\/comments?post=1608"}],"version-history":[{"count":23,"href":"https:\/\/modmybricks.eu\/pl\/wp-json\/wp\/v2\/pages\/1608\/revisions"}],"predecessor-version":[{"id":2798,"href":"https:\/\/modmybricks.eu\/pl\/wp-json\/wp\/v2\/pages\/1608\/revisions\/2798"}],"wp:attachment":[{"href":"https:\/\/modmybricks.eu\/pl\/wp-json\/wp\/v2\/media?parent=1608"}],"curies":[{"name":"wp","href":"https:\/\/api.w.org\/{rel}","templated":true}]}}