{"id":1378,"date":"2025-03-06T19:50:11","date_gmt":"2025-03-06T19:50:11","guid":{"rendered":"https:\/\/modmybricks.eu\/?page_id=1378"},"modified":"2026-01-11T13:34:55","modified_gmt":"2026-01-11T12:34:55","slug":"custom-order","status":"publish","type":"page","link":"https:\/\/modmybricks.eu\/pl\/custom-order\/","title":{"rendered":"Zam\u00f3wienie Specjalne"},"content":{"rendered":"<h2 class=\"wp-block-heading\" style=\"padding-top:var(--wp--preset--spacing--60);padding-bottom:var(--wp--preset--spacing--60)\">Z\u0142\u00f3\u017c swoje zam\u00f3wienie specjalne<\/h2>\n\n\n\n<h4 class=\"wp-block-heading\">Wi\u0119kszo\u015b\u0107 naszych projekt\u00f3w jest robiona na specjalne zam\u00f3wienie klienta. Je\u015bli potrzebujesz jakiego\u015b niestandardowego elementu kt\u00f3rego nie mamy, skontaktuj si\u0119 z nami \u015bmia\u0142o, przygotujemy cz\u0119\u015bci specjalnie dla ciebie.<\/h4>\n\n\n\n<p>Cena za twoje zam\u00f3wienie specjalne zostanie podana w odpowiedzi. Wys\u0142anie zapytania jest darmowe i niezobowi\u0105zuj\u0105ce.<\/p>\n\n\n\n<div class=\"forminator-guttenberg\"><div class=\"forminator-ui forminator-custom-form forminator-custom-form-1517 forminator-design--default  forminator_ajax\" data-forminator-render=\"0\" data-form=\"forminator-module-1517\" data-uid=\"69e00c915e4ff\"><br\/><\/div><form\n\t\t\t\tid=\"forminator-module-1517\"\n\t\t\t\tclass=\"forminator-ui forminator-custom-form forminator-custom-form-1517 forminator-design--default  forminator_ajax\"\n\t\t\t\tmethod=\"post\"\n\t\t\t\tdata-forminator-render=\"0\"\n\t\t\t\tdata-form-id=\"1517\"\n\t\t\t\tenctype=\"multipart\/form-data\" data-color-option=\"theme\" data-design=\"default\" data-grid=\"open\" style=\"display: none;\"\n\t\t\t\tdata-uid=\"69e00c915e4ff\" action=\"\"\n\t\t\t><div role=\"alert\" aria-live=\"polite\" class=\"forminator-response-message forminator-error\" aria-hidden=\"true\"><\/div><div class=\"forminator-row\"><div id=\"name-1\" class=\"forminator-field-name forminator-col forminator-col-12\"><div class=\"forminator-field\"><label for=\"forminator-field-name-1_69e00c915e4ff\" id=\"forminator-field-name-1_69e00c915e4ff-label\" class=\"forminator-label\">Imi\u0119 <span class=\"forminator-required\">*<\/span><\/label><input type=\"text\" name=\"name-1\" value=\"\" placeholder=\"\" id=\"forminator-field-name-1_69e00c915e4ff\" class=\"forminator-input forminator-name--field\" aria-required=\"true\" autocomplete=\"name\" \/><\/div><\/div><\/div><div class=\"forminator-row\"><div id=\"name-2\" class=\"forminator-field-name forminator-col forminator-col-12\"><div class=\"forminator-field\"><label for=\"forminator-field-name-2_69e00c915e4ff\" id=\"forminator-field-name-2_69e00c915e4ff-label\" class=\"forminator-label\">Nazwisko <span class=\"forminator-required\">*<\/span><\/label><input type=\"text\" name=\"name-2\" value=\"\" placeholder=\"\" id=\"forminator-field-name-2_69e00c915e4ff\" class=\"forminator-input forminator-name--field\" aria-required=\"true\" autocomplete=\"name\" \/><\/div><\/div><\/div><div class=\"forminator-row\"><div id=\"email-1\" class=\"forminator-field-email forminator-col forminator-col-12\"><div class=\"forminator-field\"><label for=\"forminator-field-email-1_69e00c915e4ff\" id=\"forminator-field-email-1_69e00c915e4ff-label\" class=\"forminator-label\">E-mail <span class=\"forminator-required\">*<\/span><\/label><input type=\"email\" name=\"email-1\" value=\"\" placeholder=\"\" id=\"forminator-field-email-1_69e00c915e4ff\" class=\"forminator-input forminator-email--field\" data-required=\"1\" aria-required=\"true\" autocomplete=\"email\" \/><\/div><\/div><\/div><div class=\"forminator-row\"><div id=\"phone-1\" class=\"forminator-field-phone forminator-col forminator-col-12\"><div class=\"forminator-field\"><label for=\"forminator-field-phone-1_69e00c915e4ff\" id=\"forminator-field-phone-1_69e00c915e4ff-label\" class=\"forminator-label\">Numer Telefonu (opcjonalnie)<\/label><input type=\"text\" name=\"phone-1\" value=\"\" placeholder=\"\" id=\"forminator-field-phone-1_69e00c915e4ff\" class=\"forminator-input forminator-field--phone\" data-required=\"\" aria-required=\"false\" autocomplete=\"off\" \/><\/div><\/div><\/div><div class=\"forminator-row\"><div id=\"upload-1\" class=\"forminator-field-upload forminator-col forminator-col-12\"><div class=\"forminator-field\"><label for=\"forminator-field-upload-1_69e00c915e4ff\" id=\"forminator-field-upload-1_69e00c915e4ff-label\" class=\"forminator-label\">Wy\u015blij pliki (zdj\u0119cia, projekty itp.)<\/label><div class=\"forminator-multi-upload\" data-element=\"upload-1_69e00c915e4ff\"><input type=\"file\" name=\"upload-1[]\" id=\"forminator-field-upload-1_69e00c915e4ff\" class=\"forminator-input-file forminator-field-upload-1_69e00c915e4ff-1517\" multiple=\"multiple\" data-method=\"ajax\" accept=\".jpg,.jpeg,.jpe,.gif,.png,.bmp,.tiff,.tif,.webp,.avif,.ico,.heic,.heif,.heics,.heifs,.asf,.asx,.wmv,.wmx,.wm,.avi,.divx,.flv,.mov,.qt,.mpeg,.mpg,.mpe,.mp4,.m4v,.ogv,.webm,.mkv,.3gp,.3gpp,.3g2,.3gp2,.txt,.asc,.c,.cc,.h,.srt,.csv,.tsv,.ics,.rtx,.vtt,.mp3,.m4a,.m4b,.aac,.ra,.ram,.wav,.ogg,.oga,.flac,.mid,.midi,.wma,.wax,.mka,.rtf,.pdf,.class,.tar,.zip,.gz,.gzip,.7z,.psd,.xcf,.doc,.pot,.pps,.ppt,.wri,.xla,.xls,.xlt,.xlw,.mdb,.mpp,.docx,.docm,.dotx,.dotm,.xlsx,.xlsm,.xlsb,.xltx,.xltm,.xlam,.pptx,.pptm,.ppsx,.ppsm,.potx,.potm,.ppam,.sldx,.sldm,.onetoc,.onetoc2,.onetmp,.onepkg,.oxps,.xps,.odt,.odp,.ods,.odg,.odc,.odb,.odf,.wp,.wpd,.key,.numbers,.pages,.json,.f3d\" data-size=\"25000000\" data-size-message=\"Maksymalny dozwolony rozmiar pliku wynosi 25 MB. \" data-filetype=\"jpg|jpeg|jpe|gif|png|bmp|tiff|tif|webp|avif|ico|heic|heif|heics|heifs|asf|asx|wmv|wmx|wm|avi|divx|flv|mov|qt|mpeg|mpg|mpe|mp4|m4v|ogv|webm|mkv|3gp|3gpp|3g2|3gp2|txt|asc|c|cc|h|srt|csv|tsv|ics|rtx|vtt|mp3|m4a|m4b|aac|ra|ram|wav|ogg|oga|flac|mid|midi|wma|wax|mka|rtf|pdf|class|tar|zip|gz|gzip|7z|psd|xcf|doc|pot|pps|ppt|wri|xla|xls|xlt|xlw|mdb|mpp|docx|docm|dotx|dotm|xlsx|xlsm|xlsb|xltx|xltm|xlam|pptx|pptm|ppsx|ppsm|potx|potm|ppam|sldx|sldm|onetoc|onetoc2|onetmp|onepkg|oxps|xps|odt|odp|ods|odg|odc|odb|odf|wp|wpd|key|numbers|pages|json|f3d\" data-filetype-message=\"rozszerzenie pliku jest niedozwolone.\"><div class=\"forminator-multi-upload-message\" aria-hidden=\"true\"><span class=\"forminator-icon-upload\" aria-hidden=\"true\"><\/span><p>Przeci\u0105gnij i upu\u015b\u0107 (lub) <a class=\"forminator-upload-file--forminator-field-upload-1_69e00c915e4ff\" href=\"#\" onclick=\"return false;\">Wybierz pliki<\/a><\/p><\/div><\/div><ul class=\"forminator-uploaded-files upload-container-upload-1_69e00c915e4ff\"><\/ul><\/div><\/div><\/div><div class=\"forminator-row\"><div id=\"textarea-1\" class=\"forminator-field-textarea forminator-col forminator-col-12\"><div class=\"forminator-field\"><label for=\"forminator-field-textarea-1_69e00c915e4ff\" id=\"forminator-field-textarea-1_69e00c915e4ff-label\" class=\"forminator-label\">Opis <span class=\"forminator-required\">*<\/span><\/label><span id=\"forminator-field-textarea-1_69e00c915e4ff-description\" class=\"forminator-description\"><span data-limit=\"2000\" data-type=\"characters\" data-editor=\"\">0 \/ 2000<\/span><\/span><textarea name=\"textarea-1\" placeholder=\"\" id=\"forminator-field-textarea-1_69e00c915e4ff\" class=\"forminator-textarea\" rows=\"6\" style=\"min-height:140px;\" maxlength=\"2000\" ><\/textarea><\/div><\/div><\/div><input type=\"hidden\" name=\"referer_url\" value=\"\" \/><div class=\"forminator-row forminator-row-last\"><div class=\"forminator-col\"><div class=\"forminator-field\"><button class=\"forminator-button forminator-button-submit\">Wy\u015blij<\/button><\/div><\/div><\/div><input type=\"hidden\" id=\"forminator_nonce\" name=\"forminator_nonce\" value=\"4ecd9ce175\" \/><input type=\"hidden\" name=\"_wp_http_referer\" value=\"\/pl\/wp-json\/wp\/v2\/pages\/1378\" \/><input type=\"hidden\" name=\"form_id\" value=\"1517\"><input type=\"hidden\" name=\"page_id\" value=\"1378\"><input type=\"hidden\" name=\"form_type\" value=\"default\"><input type=\"hidden\" name=\"current_url\" value=\"https:\/\/modmybricks.eu\/pl\/custom-order\/\"><input type=\"hidden\" name=\"render_id\" value=\"0\"><input type=\"hidden\" name=\"forminator-multifile-hidden\" class=\"forminator-multifile-hidden\"><input type=\"hidden\" name=\"action\" value=\"forminator_submit_form_custom-forms\"><input type=\"hidden\" name=\"trp-form-language\" value=\"pl\"\/><\/form><\/div>\n\n\n\n<h2 class=\"wp-block-heading has-text-align-center\">Our custom projects gallery<\/h2>\n\n\n\n<div class=\"wp-block-uagb-container uagb-block-a219a4a1 alignfull uagb-is-root-container\"><div class=\"uagb-container-inner-blocks-wrap\">\n<div class=\"wp-block-uagb-container uagb-block-df2171e4\">\t\t\t\t\t<div\n\t\t\t\t\t\tclass=\"wp-block-uagb-image-gallery uagb-block-bea87ba2\"\n\t\t\t\t\t\tstyle=\"\"\n\t\t\t\t\t>\n\t\t\t\t\t\t\t\t\t\t\t<div class=\"spectra-image-gallery spectra-image-gallery__layout--grid spectra-image-gallery__layout--grid-col-4 spectra-image-gallery__layout--grid-col-tab-3 spectra-image-gallery__layout--grid-col-mob-2\">\n\t\t\t\t\t\t\t\t\t\t\t<div class='spectra-image-gallery__media-wrapper' data-spectra-gallery-image-id='2525' tabindex=\"0\">\n\t\t\t\t\t\t\t<div class=\"spectra-image-gallery__media spectra-image-gallery__media--grid\">\n\t\t\t\t<picture>\n\t\t\t\t\t<source media=\"(min-width: 1024px)\" data-srcset=\"https:\/\/modmybricks.eu\/wp-content\/uploads\/2025\/11\/20251120_161722-1024x1024.png\">\n\t\t\t\t\t<source media=\"(min-width: 768px)\" data-srcset=\"https:\/\/modmybricks.eu\/wp-content\/uploads\/2025\/11\/20251120_161722-1024x1024.png\">\n\t\t\t\t\t<img decoding=\"async\" class=\"spectra-image-gallery__media-thumbnail spectra-image-gallery__media-thumbnail--grid lazyload\" data-src=\"https:\/\/modmybricks.eu\/wp-content\/uploads\/2025\/11\/20251120_161722-300x300.png\" alt=\"\" src=\"data:image\/svg+xml;base64,PHN2ZyB3aWR0aD0iMSIgaGVpZ2h0PSIxIiB4bWxucz0iaHR0cDovL3d3dy53My5vcmcvMjAwMC9zdmciPjwvc3ZnPg==\" style=\"--smush-placeholder-width: 300px; --smush-placeholder-aspect-ratio: 300\/300;\" \/>\n\t\t\t\t<\/picture>\n\t\t\t\t<div class=\"spectra-image-gallery__media-thumbnail-blurrer\"><\/div>\n\t\t\t\t\t\t\t\t\t\t\t<div class=\"spectra-image-gallery__media-thumbnail-caption-wrapper spectra-image-gallery__media-thumbnail-caption-wrapper--overlay\">\n\t\t\t\t\t\t\t\t\t\t\t<div class=\"spectra-image-gallery__media-thumbnail-caption spectra-image-gallery__media-thumbnail-caption--overlay\">\n\t\t\t\t\tBrak podpisu\t\t\t\t<\/div>\n\t\t\t\t\t\t\t\t\t\t<\/div>\n\t\t\t\t\t\t\t\t\t<\/div>\n\t\t\t\t\t\t<\/div>\n\t\t\t\t\t\t<div class='spectra-image-gallery__media-wrapper' data-spectra-gallery-image-id='2526' tabindex=\"0\">\n\t\t\t\t\t\t\t<div class=\"spectra-image-gallery__media spectra-image-gallery__media--grid\">\n\t\t\t\t<picture>\n\t\t\t\t\t<source media=\"(min-width: 1024px)\" data-srcset=\"https:\/\/modmybricks.eu\/wp-content\/uploads\/2025\/11\/b20844f5-baae-4dbe-a7d6-25617e252362-1024x1024.png\">\n\t\t\t\t\t<source media=\"(min-width: 768px)\" data-srcset=\"https:\/\/modmybricks.eu\/wp-content\/uploads\/2025\/11\/b20844f5-baae-4dbe-a7d6-25617e252362-1024x1024.png\">\n\t\t\t\t\t<img decoding=\"async\" class=\"spectra-image-gallery__media-thumbnail spectra-image-gallery__media-thumbnail--grid lazyload\" data-src=\"https:\/\/modmybricks.eu\/wp-content\/uploads\/2025\/11\/b20844f5-baae-4dbe-a7d6-25617e252362-300x300.png\" alt=\"\" src=\"data:image\/svg+xml;base64,PHN2ZyB3aWR0aD0iMSIgaGVpZ2h0PSIxIiB4bWxucz0iaHR0cDovL3d3dy53My5vcmcvMjAwMC9zdmciPjwvc3ZnPg==\" style=\"--smush-placeholder-width: 300px; --smush-placeholder-aspect-ratio: 300\/300;\" \/>\n\t\t\t\t<\/picture>\n\t\t\t\t<div class=\"spectra-image-gallery__media-thumbnail-blurrer\"><\/div>\n\t\t\t\t\t\t\t\t\t\t\t<div class=\"spectra-image-gallery__media-thumbnail-caption-wrapper spectra-image-gallery__media-thumbnail-caption-wrapper--overlay\">\n\t\t\t\t\t\t\t\t\t\t\t<div class=\"spectra-image-gallery__media-thumbnail-caption spectra-image-gallery__media-thumbnail-caption--overlay\">\n\t\t\t\t\tBrak podpisu\t\t\t\t<\/div>\n\t\t\t\t\t\t\t\t\t\t<\/div>\n\t\t\t\t\t\t\t\t\t<\/div>\n\t\t\t\t\t\t<\/div>\n\t\t\t\t\t\t<div class='spectra-image-gallery__media-wrapper' data-spectra-gallery-image-id='2522' tabindex=\"0\">\n\t\t\t\t\t\t\t<div class=\"spectra-image-gallery__media spectra-image-gallery__media--grid\">\n\t\t\t\t<picture>\n\t\t\t\t\t<source media=\"(min-width: 1024px)\" data-srcset=\"https:\/\/modmybricks.eu\/wp-content\/uploads\/2025\/11\/20251016_150659-1-1024x1024.png\">\n\t\t\t\t\t<source media=\"(min-width: 768px)\" data-srcset=\"https:\/\/modmybricks.eu\/wp-content\/uploads\/2025\/11\/20251016_150659-1-1024x1024.png\">\n\t\t\t\t\t<img decoding=\"async\" class=\"spectra-image-gallery__media-thumbnail spectra-image-gallery__media-thumbnail--grid lazyload\" data-src=\"https:\/\/modmybricks.eu\/wp-content\/uploads\/2025\/11\/20251016_150659-1-300x300.png\" alt=\"\" src=\"data:image\/svg+xml;base64,PHN2ZyB3aWR0aD0iMSIgaGVpZ2h0PSIxIiB4bWxucz0iaHR0cDovL3d3dy53My5vcmcvMjAwMC9zdmciPjwvc3ZnPg==\" style=\"--smush-placeholder-width: 300px; --smush-placeholder-aspect-ratio: 300\/300;\" \/>\n\t\t\t\t<\/picture>\n\t\t\t\t<div class=\"spectra-image-gallery__media-thumbnail-blurrer\"><\/div>\n\t\t\t\t\t\t\t\t\t\t\t<div class=\"spectra-image-gallery__media-thumbnail-caption-wrapper spectra-image-gallery__media-thumbnail-caption-wrapper--overlay\">\n\t\t\t\t\t\t\t\t\t\t\t<div class=\"spectra-image-gallery__media-thumbnail-caption spectra-image-gallery__media-thumbnail-caption--overlay\">\n\t\t\t\t\tBrak podpisu\t\t\t\t<\/div>\n\t\t\t\t\t\t\t\t\t\t<\/div>\n\t\t\t\t\t\t\t\t\t<\/div>\n\t\t\t\t\t\t<\/div>\n\t\t\t\t\t\t<div class='spectra-image-gallery__media-wrapper' data-spectra-gallery-image-id='2498' tabindex=\"0\">\n\t\t\t\t\t\t\t<div class=\"spectra-image-gallery__media spectra-image-gallery__media--grid\">\n\t\t\t\t<picture>\n\t\t\t\t\t<source media=\"(min-width: 1024px)\" data-srcset=\"https:\/\/modmybricks.eu\/wp-content\/uploads\/2025\/11\/1000031804-1024x1024.png\">\n\t\t\t\t\t<source media=\"(min-width: 768px)\" data-srcset=\"https:\/\/modmybricks.eu\/wp-content\/uploads\/2025\/11\/1000031804-1024x1024.png\">\n\t\t\t\t\t<img decoding=\"async\" class=\"spectra-image-gallery__media-thumbnail spectra-image-gallery__media-thumbnail--grid lazyload\" data-src=\"https:\/\/modmybricks.eu\/wp-content\/uploads\/2025\/11\/1000031804-300x300.png\" alt=\"\" src=\"data:image\/svg+xml;base64,PHN2ZyB3aWR0aD0iMSIgaGVpZ2h0PSIxIiB4bWxucz0iaHR0cDovL3d3dy53My5vcmcvMjAwMC9zdmciPjwvc3ZnPg==\" style=\"--smush-placeholder-width: 300px; --smush-placeholder-aspect-ratio: 300\/300;\" \/>\n\t\t\t\t<\/picture>\n\t\t\t\t<div class=\"spectra-image-gallery__media-thumbnail-blurrer\"><\/div>\n\t\t\t\t\t\t\t\t\t\t\t<div class=\"spectra-image-gallery__media-thumbnail-caption-wrapper spectra-image-gallery__media-thumbnail-caption-wrapper--overlay\">\n\t\t\t\t\t\t\t\t\t\t\t<div class=\"spectra-image-gallery__media-thumbnail-caption spectra-image-gallery__media-thumbnail-caption--overlay\">\n\t\t\t\t\tBrak podpisu\t\t\t\t<\/div>\n\t\t\t\t\t\t\t\t\t\t<\/div>\n\t\t\t\t\t\t\t\t\t<\/div>\n\t\t\t\t\t\t<\/div>\n\t\t\t\t\t\t<div class='spectra-image-gallery__media-wrapper' data-spectra-gallery-image-id='2494' tabindex=\"0\">\n\t\t\t\t\t\t\t<div class=\"spectra-image-gallery__media spectra-image-gallery__media--grid\">\n\t\t\t\t<picture>\n\t\t\t\t\t<source media=\"(min-width: 1024px)\" data-srcset=\"https:\/\/modmybricks.eu\/wp-content\/uploads\/2025\/11\/1000031800-1024x1024.png\">\n\t\t\t\t\t<source media=\"(min-width: 768px)\" data-srcset=\"https:\/\/modmybricks.eu\/wp-content\/uploads\/2025\/11\/1000031800-1024x1024.png\">\n\t\t\t\t\t<img decoding=\"async\" class=\"spectra-image-gallery__media-thumbnail spectra-image-gallery__media-thumbnail--grid lazyload\" data-src=\"https:\/\/modmybricks.eu\/wp-content\/uploads\/2025\/11\/1000031800-300x300.png\" alt=\"\" src=\"data:image\/svg+xml;base64,PHN2ZyB3aWR0aD0iMSIgaGVpZ2h0PSIxIiB4bWxucz0iaHR0cDovL3d3dy53My5vcmcvMjAwMC9zdmciPjwvc3ZnPg==\" style=\"--smush-placeholder-width: 300px; --smush-placeholder-aspect-ratio: 300\/300;\" \/>\n\t\t\t\t<\/picture>\n\t\t\t\t<div class=\"spectra-image-gallery__media-thumbnail-blurrer\"><\/div>\n\t\t\t\t\t\t\t\t\t\t\t<div class=\"spectra-image-gallery__media-thumbnail-caption-wrapper spectra-image-gallery__media-thumbnail-caption-wrapper--overlay\">\n\t\t\t\t\t\t\t\t\t\t\t<div class=\"spectra-image-gallery__media-thumbnail-caption spectra-image-gallery__media-thumbnail-caption--overlay\">\n\t\t\t\t\tBrak podpisu\t\t\t\t<\/div>\n\t\t\t\t\t\t\t\t\t\t<\/div>\n\t\t\t\t\t\t\t\t\t<\/div>\n\t\t\t\t\t\t<\/div>\n\t\t\t\t\t\t<div class='spectra-image-gallery__media-wrapper' data-spectra-gallery-image-id='2486' tabindex=\"0\">\n\t\t\t\t\t\t\t<div class=\"spectra-image-gallery__media spectra-image-gallery__media--grid\">\n\t\t\t\t<picture>\n\t\t\t\t\t<source media=\"(min-width: 1024px)\" data-srcset=\"https:\/\/modmybricks.eu\/wp-content\/uploads\/2025\/11\/1000031797-1024x1024.png\">\n\t\t\t\t\t<source media=\"(min-width: 768px)\" data-srcset=\"https:\/\/modmybricks.eu\/wp-content\/uploads\/2025\/11\/1000031797-1024x1024.png\">\n\t\t\t\t\t<img decoding=\"async\" class=\"spectra-image-gallery__media-thumbnail spectra-image-gallery__media-thumbnail--grid lazyload\" data-src=\"https:\/\/modmybricks.eu\/wp-content\/uploads\/2025\/11\/1000031797-300x300.png\" alt=\"\" src=\"data:image\/svg+xml;base64,PHN2ZyB3aWR0aD0iMSIgaGVpZ2h0PSIxIiB4bWxucz0iaHR0cDovL3d3dy53My5vcmcvMjAwMC9zdmciPjwvc3ZnPg==\" style=\"--smush-placeholder-width: 300px; --smush-placeholder-aspect-ratio: 300\/300;\" \/>\n\t\t\t\t<\/picture>\n\t\t\t\t<div class=\"spectra-image-gallery__media-thumbnail-blurrer\"><\/div>\n\t\t\t\t\t\t\t\t\t\t\t<div class=\"spectra-image-gallery__media-thumbnail-caption-wrapper spectra-image-gallery__media-thumbnail-caption-wrapper--overlay\">\n\t\t\t\t\t\t\t\t\t\t\t<div class=\"spectra-image-gallery__media-thumbnail-caption spectra-image-gallery__media-thumbnail-caption--overlay\">\n\t\t\t\t\tBrak podpisu\t\t\t\t<\/div>\n\t\t\t\t\t\t\t\t\t\t<\/div>\n\t\t\t\t\t\t\t\t\t<\/div>\n\t\t\t\t\t\t<\/div>\n\t\t\t\t\t\t<div class='spectra-image-gallery__media-wrapper' data-spectra-gallery-image-id='2524' tabindex=\"0\">\n\t\t\t\t\t\t\t<div class=\"spectra-image-gallery__media spectra-image-gallery__media--grid\">\n\t\t\t\t<picture>\n\t\t\t\t\t<source media=\"(min-width: 1024px)\" data-srcset=\"https:\/\/modmybricks.eu\/wp-content\/uploads\/2025\/11\/20251116_192817-1024x1024.png\">\n\t\t\t\t\t<source media=\"(min-width: 768px)\" data-srcset=\"https:\/\/modmybricks.eu\/wp-content\/uploads\/2025\/11\/20251116_192817-1024x1024.png\">\n\t\t\t\t\t<img decoding=\"async\" class=\"spectra-image-gallery__media-thumbnail spectra-image-gallery__media-thumbnail--grid lazyload\" data-src=\"https:\/\/modmybricks.eu\/wp-content\/uploads\/2025\/11\/20251116_192817-300x300.png\" alt=\"\" src=\"data:image\/svg+xml;base64,PHN2ZyB3aWR0aD0iMSIgaGVpZ2h0PSIxIiB4bWxucz0iaHR0cDovL3d3dy53My5vcmcvMjAwMC9zdmciPjwvc3ZnPg==\" style=\"--smush-placeholder-width: 300px; --smush-placeholder-aspect-ratio: 300\/300;\" \/>\n\t\t\t\t<\/picture>\n\t\t\t\t<div class=\"spectra-image-gallery__media-thumbnail-blurrer\"><\/div>\n\t\t\t\t\t\t\t\t\t\t\t<div class=\"spectra-image-gallery__media-thumbnail-caption-wrapper spectra-image-gallery__media-thumbnail-caption-wrapper--overlay\">\n\t\t\t\t\t\t\t\t\t\t\t<div class=\"spectra-image-gallery__media-thumbnail-caption spectra-image-gallery__media-thumbnail-caption--overlay\">\n\t\t\t\t\tBrak podpisu\t\t\t\t<\/div>\n\t\t\t\t\t\t\t\t\t\t<\/div>\n\t\t\t\t\t\t\t\t\t<\/div>\n\t\t\t\t\t\t<\/div>\n\t\t\t\t\t\t<div class='spectra-image-gallery__media-wrapper' data-spectra-gallery-image-id='2491' tabindex=\"0\">\n\t\t\t\t\t\t\t<div class=\"spectra-image-gallery__media spectra-image-gallery__media--grid\">\n\t\t\t\t<picture>\n\t\t\t\t\t<source media=\"(min-width: 1024px)\" data-srcset=\"https:\/\/modmybricks.eu\/wp-content\/uploads\/2025\/11\/1000031805-1024x1024.png\">\n\t\t\t\t\t<source media=\"(min-width: 768px)\" data-srcset=\"https:\/\/modmybricks.eu\/wp-content\/uploads\/2025\/11\/1000031805-1024x1024.png\">\n\t\t\t\t\t<img decoding=\"async\" class=\"spectra-image-gallery__media-thumbnail spectra-image-gallery__media-thumbnail--grid lazyload\" data-src=\"https:\/\/modmybricks.eu\/wp-content\/uploads\/2025\/11\/1000031805-300x300.png\" alt=\"\" src=\"data:image\/svg+xml;base64,PHN2ZyB3aWR0aD0iMSIgaGVpZ2h0PSIxIiB4bWxucz0iaHR0cDovL3d3dy53My5vcmcvMjAwMC9zdmciPjwvc3ZnPg==\" style=\"--smush-placeholder-width: 300px; --smush-placeholder-aspect-ratio: 300\/300;\" \/>\n\t\t\t\t<\/picture>\n\t\t\t\t<div class=\"spectra-image-gallery__media-thumbnail-blurrer\"><\/div>\n\t\t\t\t\t\t\t\t\t\t\t<div class=\"spectra-image-gallery__media-thumbnail-caption-wrapper spectra-image-gallery__media-thumbnail-caption-wrapper--overlay\">\n\t\t\t\t\t\t\t\t\t\t\t<div class=\"spectra-image-gallery__media-thumbnail-caption spectra-image-gallery__media-thumbnail-caption--overlay\">\n\t\t\t\t\tBrak podpisu\t\t\t\t<\/div>\n\t\t\t\t\t\t\t\t\t\t<\/div>\n\t\t\t\t\t\t\t\t\t<\/div>\n\t\t\t\t\t\t<\/div>\n\t\t\t\t\t\t\t\t\t\t<\/div>\n\t\t\t\t\t\t\t\t\t\t\t\t\t\t\t\t\t\t<\/div>\n\t\t\t\t\t\t\t\t\t<\/div>\n<\/div><\/div>\n\n\n\n<p><\/p>\n\n\n\n<p><\/p>","protected":false},"excerpt":{"rendered":"<p>Place Your Custom Order Most of our designs are made to order. If you have an idea for something we [&hellip;]<\/p>\n","protected":false},"author":1,"featured_media":0,"parent":0,"menu_order":0,"comment_status":"closed","ping_status":"closed","template":"","meta":{"_uag_custom_page_level_css":"","site-sidebar-layout":"default","site-content-layout":"","ast-site-content-layout":"","site-content-style":"default","site-sidebar-style":"default","ast-global-header-display":"","ast-banner-title-visibility":"","ast-main-header-display":"","ast-hfb-above-header-display":"","ast-hfb-below-header-display":"","ast-hfb-mobile-header-display":"","site-post-title":"disabled","ast-breadcrumbs-content":"","ast-featured-img":"","footer-sml-layout":"","theme-transparent-header-meta":"","adv-header-id-meta":"","stick-header-meta":"","header-above-stick-meta":"","header-main-stick-meta":"","header-below-stick-meta":"","astra-migrate-meta-layouts":"default","ast-page-background-enabled":"default","ast-page-background-meta":{"desktop":{"background-color":"var(--ast-global-color-5)","background-image":"","background-repeat":"repeat","background-position":"center center","background-size":"auto","background-attachment":"scroll","background-type":"","background-media":"","overlay-type":"","overlay-color":"","overlay-opacity":"","overlay-gradient":""},"tablet":{"background-color":"","background-image":"","background-repeat":"repeat","background-position":"center center","background-size":"auto","background-attachment":"scroll","background-type":"","background-media":"","overlay-type":"","overlay-color":"","overlay-opacity":"","overlay-gradient":""},"mobile":{"background-color":"","background-image":"","background-repeat":"repeat","background-position":"center center","background-size":"auto","background-attachment":"scroll","background-type":"","background-media":"","overlay-type":"","overlay-color":"","overlay-opacity":"","overlay-gradient":""}},"ast-content-background-meta":{"desktop":{"background-color":"var(--ast-global-color-4)","background-image":"","background-repeat":"repeat","background-position":"center center","background-size":"auto","background-attachment":"scroll","background-type":"","background-media":"","overlay-type":"","overlay-color":"","overlay-opacity":"","overlay-gradient":""},"tablet":{"background-color":"var(--ast-global-color-4)","background-image":"","background-repeat":"repeat","background-position":"center center","background-size":"auto","background-attachment":"scroll","background-type":"","background-media":"","overlay-type":"","overlay-color":"","overlay-opacity":"","overlay-gradient":""},"mobile":{"background-color":"var(--ast-global-color-4)","background-image":"","background-repeat":"repeat","background-position":"center center","background-size":"auto","background-attachment":"scroll","background-type":"","background-media":"","overlay-type":"","overlay-color":"","overlay-opacity":"","overlay-gradient":""}},"footnotes":""},"class_list":["post-1378","page","type-page","status-publish","hentry"],"uagb_featured_image_src":{"full":false,"thumbnail":false,"medium":false,"medium_large":false,"large":false,"1536x1536":false,"2048x2048":false,"trp-custom-language-flag":false,"mailpoet_newsletter_max":false,"woocommerce_thumbnail":false,"woocommerce_single":false,"woocommerce_gallery_thumbnail":false,"dgwt-wcas-product-suggestion":false},"uagb_author_info":{"display_name":"ModMyBricks","author_link":"https:\/\/modmybricks.eu\/pl\/profile\/kopanskipolecakgmail-com\/"},"uagb_comment_info":0,"uagb_excerpt":"Place Your Custom Order Most of our designs are made to order. If you have an idea for something we [&hellip;]","_links":{"self":[{"href":"https:\/\/modmybricks.eu\/pl\/wp-json\/wp\/v2\/pages\/1378","targetHints":{"allow":["GET"]}}],"collection":[{"href":"https:\/\/modmybricks.eu\/pl\/wp-json\/wp\/v2\/pages"}],"about":[{"href":"https:\/\/modmybricks.eu\/pl\/wp-json\/wp\/v2\/types\/page"}],"author":[{"embeddable":true,"href":"https:\/\/modmybricks.eu\/pl\/wp-json\/wp\/v2\/users\/1"}],"replies":[{"embeddable":true,"href":"https:\/\/modmybricks.eu\/pl\/wp-json\/wp\/v2\/comments?post=1378"}],"version-history":[{"count":15,"href":"https:\/\/modmybricks.eu\/pl\/wp-json\/wp\/v2\/pages\/1378\/revisions"}],"predecessor-version":[{"id":2726,"href":"https:\/\/modmybricks.eu\/pl\/wp-json\/wp\/v2\/pages\/1378\/revisions\/2726"}],"wp:attachment":[{"href":"https:\/\/modmybricks.eu\/pl\/wp-json\/wp\/v2\/media?parent=1378"}],"curies":[{"name":"wp","href":"https:\/\/api.w.org\/{rel}","templated":true}]}}